{"id":4501,"date":"2024-09-13T14:48:10","date_gmt":"2024-09-13T12:48:10","guid":{"rendered":"https:\/\/salmbraeu.woda.website\/imprint\/"},"modified":"2024-09-13T14:48:10","modified_gmt":"2024-09-13T12:48:10","slug":"imprint","status":"publish","type":"page","link":"https:\/\/www.stoecklimpark.at\/en\/imprint\/","title":{"rendered":"Imprint"},"content":{"rendered":"\n<h3 class=\"wp-block-heading\">St\u00f6ckl im Park<\/h3>\n\n<p>Prinz-Eugen-Stra\u00dfe 25, 1030 Wien<br\/>+43 1 796 50 50<br\/><a href=\"mailto:Info@stoecklimpark.at\">Info@stoecklimpark.at<\/a><br\/><a href=\"https:\/\/www.stoecklimpark.at\/\">www.stoecklimpark.at<\/a><\/p>\n\n<p>gem. \u00a7 6 n. F. TDG aufgrund des Gesetzes \u00fcber rechtliche Rahmenbedingungen f\u00fcr den elektronischen Gesch\u00e4ftsverkehr. Salm Br\u00e4u GmbH \u00fcbernimmt keine Haftung f\u00fcr die Vollst\u00e4ndigkeit oder inhaltliche Richtigkeit der genannten Angaben.<\/p>\n\n<p><strong>Firmenanschrift:<\/strong> Salm Br\u00e4u GmbH, Rennweg 8, A-1030 Wien<br\/><strong>Telefon:<\/strong> +43 1 799 599 2<br\/><strong>Fax:<\/strong> +43 1 799 599 2 65<br\/><strong>e-Mail:<\/strong> <a href=\"mailto:office@salmbraeu.com\">office@salmbraeu.com<\/a><br\/><strong>Internet:<\/strong> <a rel=\"noreferrer noopener\" aria-label=\" (&#xF6;ffnet in neuem Tab)\" href=\"https:\/\/www.salmbraeu.com\/\" target=\"_blank\">www.salmbraeu.com<\/a>   <br\/><strong>Gesch\u00e4ftsf\u00fchrer:<\/strong> KommR. Walter Welledits<br\/><strong>Registergericht:<\/strong> Handelsgericht Wien<br\/><strong>Registernummer:<\/strong> Fn47707h<br\/><strong>Umsatzsteuer-Identifikationsnummer:<\/strong> ATU14469403<br\/><strong>Inhaltlich Verantwortlicher gem\u00e4\u00df \u00a7 10 Absatz 3 MDStV:<\/strong> Ing.Albert Welledits<\/p>\n\n<p><\/p>\n","protected":false},"excerpt":{"rendered":"<p>St\u00f6ckl im Park Prinz-Eugen-Stra\u00dfe 25, 1030 Wien+43 1 796 50 50Info@stoecklimpark.atwww.stoecklimpark.at gem. \u00a7 6 n. F. TDG aufgrund des Gesetzes \u00fcber rechtliche Rahmenbedingungen f\u00fcr den elektronischen Gesch\u00e4ftsverkehr. Salm Br\u00e4u GmbH \u00fcbernimmt keine Haftung f\u00fcr die Vollst\u00e4ndigkeit oder inhaltliche Richtigkeit der genannten Angaben. Firmenanschrift: Salm Br\u00e4u GmbH, Rennweg 8, A-1030 WienTelefon: +43 1 799 599 2Fax: [&hellip;]<\/p>\n","protected":false},"author":1,"featured_media":0,"parent":0,"menu_order":0,"comment_status":"closed","ping_status":"closed","template":"","meta":{"_acf_changed":false,"footnotes":""},"class_list":["post-4501","page","type-page","status-publish","hentry"],"acf":[],"yoast_head":"<!-- This site is optimized with the Yoast SEO plugin v27.4 - https:\/\/yoast.com\/product\/yoast-seo-wordpress\/ -->\n<title>Imprint - St\u00f6ckl im Park<\/title>\n<meta name=\"robots\" content=\"index, follow, max-snippet:-1, max-image-preview:large, max-video-preview:-1\" \/>\n<link rel=\"canonical\" href=\"https:\/\/www.stoecklimpark.at\/en\/imprint\/\" \/>\n<meta property=\"og:locale\" content=\"en_GB\" \/>\n<meta property=\"og:type\" content=\"article\" \/>\n<meta property=\"og:title\" content=\"Imprint - St\u00f6ckl im Park\" \/>\n<meta property=\"og:description\" content=\"St\u00f6ckl im Park Prinz-Eugen-Stra\u00dfe 25, 1030 Wien+43 1 796 50 50Info@stoecklimpark.atwww.stoecklimpark.at gem. \u00a7 6 n. F. TDG aufgrund des Gesetzes \u00fcber rechtliche Rahmenbedingungen f\u00fcr den elektronischen Gesch\u00e4ftsverkehr. Salm Br\u00e4u GmbH \u00fcbernimmt keine Haftung f\u00fcr die Vollst\u00e4ndigkeit oder inhaltliche Richtigkeit der genannten Angaben. Firmenanschrift: Salm Br\u00e4u GmbH, Rennweg 8, A-1030 WienTelefon: +43 1 799 599 2Fax: [&hellip;]\" \/>\n<meta property=\"og:url\" content=\"https:\/\/www.stoecklimpark.at\/en\/imprint\/\" \/>\n<meta property=\"og:site_name\" content=\"St\u00f6ckl im Park\" \/>\n<meta property=\"article:publisher\" content=\"https:\/\/www.facebook.com\/stoecklimpark\" \/>\n<meta name=\"twitter:card\" content=\"summary_large_image\" \/>\n<script type=\"application\/ld+json\" class=\"yoast-schema-graph\">{\"@context\":\"https:\\\/\\\/schema.org\",\"@graph\":[{\"@type\":\"WebPage\",\"@id\":\"https:\\\/\\\/www.stoecklimpark.at\\\/en\\\/imprint\\\/\",\"url\":\"https:\\\/\\\/www.stoecklimpark.at\\\/en\\\/imprint\\\/\",\"name\":\"Imprint - St\u00f6ckl im Park\",\"isPartOf\":{\"@id\":\"https:\\\/\\\/www.stoecklimpark.at\\\/en\\\/#website\"},\"datePublished\":\"2024-09-13T12:48:10+00:00\",\"breadcrumb\":{\"@id\":\"https:\\\/\\\/www.stoecklimpark.at\\\/en\\\/imprint\\\/#breadcrumb\"},\"inLanguage\":\"en-GB\",\"potentialAction\":[{\"@type\":\"ReadAction\",\"target\":[\"https:\\\/\\\/www.stoecklimpark.at\\\/en\\\/imprint\\\/\"]}]},{\"@type\":\"BreadcrumbList\",\"@id\":\"https:\\\/\\\/www.stoecklimpark.at\\\/en\\\/imprint\\\/#breadcrumb\",\"itemListElement\":[{\"@type\":\"ListItem\",\"position\":1,\"name\":\"Home\",\"item\":\"https:\\\/\\\/www.stoecklimpark.at\\\/en\\\/\"},{\"@type\":\"ListItem\",\"position\":2,\"name\":\"Imprint\"}]},{\"@type\":\"WebSite\",\"@id\":\"https:\\\/\\\/www.stoecklimpark.at\\\/en\\\/#website\",\"url\":\"https:\\\/\\\/www.stoecklimpark.at\\\/en\\\/\",\"name\":\"St\u00f6ckl im Park\",\"description\":\"\",\"publisher\":{\"@id\":\"https:\\\/\\\/www.stoecklimpark.at\\\/en\\\/#organization\"},\"potentialAction\":[{\"@type\":\"SearchAction\",\"target\":{\"@type\":\"EntryPoint\",\"urlTemplate\":\"https:\\\/\\\/www.stoecklimpark.at\\\/en\\\/?s={search_term_string}\"},\"query-input\":{\"@type\":\"PropertyValueSpecification\",\"valueRequired\":true,\"valueName\":\"search_term_string\"}}],\"inLanguage\":\"en-GB\"},{\"@type\":\"Organization\",\"@id\":\"https:\\\/\\\/www.stoecklimpark.at\\\/en\\\/#organization\",\"name\":\"St\u00f6ckl im Park\",\"url\":\"https:\\\/\\\/www.stoecklimpark.at\\\/en\\\/\",\"logo\":{\"@type\":\"ImageObject\",\"inLanguage\":\"en-GB\",\"@id\":\"https:\\\/\\\/www.stoecklimpark.at\\\/en\\\/#\\\/schema\\\/logo\\\/image\\\/\",\"url\":\"https:\\\/\\\/www.stoecklimpark.at\\\/wp-content\\\/uploads\\\/2023\\\/01\\\/SIP-Logo-scaled.jpg\",\"contentUrl\":\"https:\\\/\\\/www.stoecklimpark.at\\\/wp-content\\\/uploads\\\/2023\\\/01\\\/SIP-Logo-scaled.jpg\",\"width\":2560,\"height\":2003,\"caption\":\"St\u00f6ckl im Park\"},\"image\":{\"@id\":\"https:\\\/\\\/www.stoecklimpark.at\\\/en\\\/#\\\/schema\\\/logo\\\/image\\\/\"},\"sameAs\":[\"https:\\\/\\\/www.facebook.com\\\/stoecklimpark\",\"https:\\\/\\\/www.instagram.com\\\/stoecklimpark\\\/\"]}]}<\/script>\n<!-- \/ Yoast SEO plugin. -->","yoast_head_json":{"title":"Imprint - St\u00f6ckl im Park","robots":{"index":"index","follow":"follow","max-snippet":"max-snippet:-1","max-image-preview":"max-image-preview:large","max-video-preview":"max-video-preview:-1"},"canonical":"https:\/\/www.stoecklimpark.at\/en\/imprint\/","og_locale":"en_GB","og_type":"article","og_title":"Imprint - St\u00f6ckl im Park","og_description":"St\u00f6ckl im Park Prinz-Eugen-Stra\u00dfe 25, 1030 Wien+43 1 796 50 50Info@stoecklimpark.atwww.stoecklimpark.at gem. \u00a7 6 n. F. TDG aufgrund des Gesetzes \u00fcber rechtliche Rahmenbedingungen f\u00fcr den elektronischen Gesch\u00e4ftsverkehr. Salm Br\u00e4u GmbH \u00fcbernimmt keine Haftung f\u00fcr die Vollst\u00e4ndigkeit oder inhaltliche Richtigkeit der genannten Angaben. Firmenanschrift: Salm Br\u00e4u GmbH, Rennweg 8, A-1030 WienTelefon: +43 1 799 599 2Fax: [&hellip;]","og_url":"https:\/\/www.stoecklimpark.at\/en\/imprint\/","og_site_name":"St\u00f6ckl im Park","article_publisher":"https:\/\/www.facebook.com\/stoecklimpark","twitter_card":"summary_large_image","schema":{"@context":"https:\/\/schema.org","@graph":[{"@type":"WebPage","@id":"https:\/\/www.stoecklimpark.at\/en\/imprint\/","url":"https:\/\/www.stoecklimpark.at\/en\/imprint\/","name":"Imprint - St\u00f6ckl im Park","isPartOf":{"@id":"https:\/\/www.stoecklimpark.at\/en\/#website"},"datePublished":"2024-09-13T12:48:10+00:00","breadcrumb":{"@id":"https:\/\/www.stoecklimpark.at\/en\/imprint\/#breadcrumb"},"inLanguage":"en-GB","potentialAction":[{"@type":"ReadAction","target":["https:\/\/www.stoecklimpark.at\/en\/imprint\/"]}]},{"@type":"BreadcrumbList","@id":"https:\/\/www.stoecklimpark.at\/en\/imprint\/#breadcrumb","itemListElement":[{"@type":"ListItem","position":1,"name":"Home","item":"https:\/\/www.stoecklimpark.at\/en\/"},{"@type":"ListItem","position":2,"name":"Imprint"}]},{"@type":"WebSite","@id":"https:\/\/www.stoecklimpark.at\/en\/#website","url":"https:\/\/www.stoecklimpark.at\/en\/","name":"St\u00f6ckl im Park","description":"","publisher":{"@id":"https:\/\/www.stoecklimpark.at\/en\/#organization"},"potentialAction":[{"@type":"SearchAction","target":{"@type":"EntryPoint","urlTemplate":"https:\/\/www.stoecklimpark.at\/en\/?s={search_term_string}"},"query-input":{"@type":"PropertyValueSpecification","valueRequired":true,"valueName":"search_term_string"}}],"inLanguage":"en-GB"},{"@type":"Organization","@id":"https:\/\/www.stoecklimpark.at\/en\/#organization","name":"St\u00f6ckl im Park","url":"https:\/\/www.stoecklimpark.at\/en\/","logo":{"@type":"ImageObject","inLanguage":"en-GB","@id":"https:\/\/www.stoecklimpark.at\/en\/#\/schema\/logo\/image\/","url":"https:\/\/www.stoecklimpark.at\/wp-content\/uploads\/2023\/01\/SIP-Logo-scaled.jpg","contentUrl":"https:\/\/www.stoecklimpark.at\/wp-content\/uploads\/2023\/01\/SIP-Logo-scaled.jpg","width":2560,"height":2003,"caption":"St\u00f6ckl im Park"},"image":{"@id":"https:\/\/www.stoecklimpark.at\/en\/#\/schema\/logo\/image\/"},"sameAs":["https:\/\/www.facebook.com\/stoecklimpark","https:\/\/www.instagram.com\/stoecklimpark\/"]}]}},"_links":{"self":[{"href":"https:\/\/www.stoecklimpark.at\/en\/wp-json\/wp\/v2\/pages\/4501","targetHints":{"allow":["GET"]}}],"collection":[{"href":"https:\/\/www.stoecklimpark.at\/en\/wp-json\/wp\/v2\/pages"}],"about":[{"href":"https:\/\/www.stoecklimpark.at\/en\/wp-json\/wp\/v2\/types\/page"}],"author":[{"embeddable":true,"href":"https:\/\/www.stoecklimpark.at\/en\/wp-json\/wp\/v2\/users\/1"}],"replies":[{"embeddable":true,"href":"https:\/\/www.stoecklimpark.at\/en\/wp-json\/wp\/v2\/comments?post=4501"}],"version-history":[{"count":1,"href":"https:\/\/www.stoecklimpark.at\/en\/wp-json\/wp\/v2\/pages\/4501\/revisions"}],"predecessor-version":[{"id":4502,"href":"https:\/\/www.stoecklimpark.at\/en\/wp-json\/wp\/v2\/pages\/4501\/revisions\/4502"}],"wp:attachment":[{"href":"https:\/\/www.stoecklimpark.at\/en\/wp-json\/wp\/v2\/media?parent=4501"}],"curies":[{"name":"wp","href":"https:\/\/api.w.org\/{rel}","templated":true}]}}