{"id":4582,"date":"2024-09-17T12:32:43","date_gmt":"2024-09-17T10:32:43","guid":{"rendered":"https:\/\/salmbraeu.woda.website\/?post_type=product&#038;p=4582"},"modified":"2026-01-24T16:23:09","modified_gmt":"2026-01-24T15:23:09","slug":"bierliebhaber","status":"publish","type":"product","link":"https:\/\/www.stoecklimpark.at\/en\/produkt\/bierliebhaber\/","title":{"rendered":"Bierliebhaber"},"content":{"rendered":"<p data-start=\"162\" data-end=\"205\"><strong data-start=\"162\" data-end=\"205\">Personalisierbarer Print@Home Gutschein<\/strong><\/p>\n<p data-start=\"207\" data-end=\"401\">Verschenken Sie maximale Flexibilit\u00e4t mit unserem personalisierbaren Print@Home Gutschein. Der Gutschein kann individuell gestaltet und mit einem frei w\u00e4hlbaren Wert ab <strong data-start=\"376\" data-end=\"384\">\u20ac 10<\/strong> versehen werden.<\/p>\n<p data-start=\"403\" data-end=\"628\">Nach erfolgreichem Zahlungseingang erhalten Sie den Gutschein <strong data-start=\"465\" data-end=\"488\">umgehend per E-Mail<\/strong> als PDF zum Selbstausdrucken. Der Gutschein ist <strong data-start=\"537\" data-end=\"554\">sofort g\u00fcltig<\/strong> und kann direkt eingel\u00f6st werden \u2013 ideal auch als kurzfristiges Geschenk.<\/p>\n<p data-start=\"630\" data-end=\"789\"><strong data-start=\"630\" data-end=\"642\">Hinweis:<\/strong><br data-start=\"642\" data-end=\"645\" \/>Ab einem Gutscheinwert von <strong data-start=\"672\" data-end=\"680\">\u20ac 70<\/strong> empfehlen wir, den Betrag auf <strong data-start=\"711\" data-end=\"745\">mehrere Gutscheine aufzuteilen<\/strong>, um eine flexible Einl\u00f6sung zu erm\u00f6glichen.<\/p>\n","protected":false},"excerpt":{"rendered":"<p>Personalisierbarer Print@Home Gutschein Verschenken Sie maximale Flexibilit\u00e4t mit unserem personalisierbaren Print@Home Gutschein. Der Gutschein kann individuell gestaltet und mit einem frei w\u00e4hlbaren Wert ab \u20ac 10 versehen werden. Nach erfolgreichem Zahlungseingang erhalten Sie den Gutschein umgehend per E-Mail als PDF zum Selbstausdrucken. Der Gutschein ist sofort g\u00fcltig und kann direkt eingel\u00f6st werden \u2013 ideal auch [&hellip;]<\/p>\n","protected":false},"featured_media":5479,"template":"","meta":{"_acf_changed":false},"product_brand":[],"product_cat":[60,61],"product_tag":[],"class_list":{"0":"post-4582","1":"product","2":"type-product","3":"status-publish","4":"has-post-thumbnail","6":"product_cat-classic","7":"product_cat-restaurantgutscheine","9":"first","10":"instock","11":"downloadable","12":"shipping-taxable","13":"purchasable","14":"product-type-simple"},"acf":[],"yoast_head":"<!-- This site is optimized with the Yoast SEO plugin v27.4 - https:\/\/yoast.com\/product\/yoast-seo-wordpress\/ -->\n<title>Bierliebhaber - St\u00f6ckl im Park<\/title>\n<meta name=\"robots\" content=\"index, follow, max-snippet:-1, max-image-preview:large, max-video-preview:-1\" \/>\n<link rel=\"canonical\" href=\"https:\/\/www.stoecklimpark.at\/en\/produkt\/bierliebhaber\/\" \/>\n<meta property=\"og:locale\" content=\"en_GB\" \/>\n<meta property=\"og:type\" content=\"article\" \/>\n<meta property=\"og:title\" content=\"Bierliebhaber - St\u00f6ckl im Park\" \/>\n<meta property=\"og:description\" content=\"Personalisierbarer Print@Home Gutschein Verschenken Sie maximale Flexibilit\u00e4t mit unserem personalisierbaren Print@Home Gutschein. Der Gutschein kann individuell gestaltet und mit einem frei w\u00e4hlbaren Wert ab \u20ac 10 versehen werden. Nach erfolgreichem Zahlungseingang erhalten Sie den Gutschein umgehend per E-Mail als PDF zum Selbstausdrucken. Der Gutschein ist sofort g\u00fcltig und kann direkt eingel\u00f6st werden \u2013 ideal auch [&hellip;]\" \/>\n<meta property=\"og:url\" content=\"https:\/\/www.stoecklimpark.at\/en\/produkt\/bierliebhaber\/\" \/>\n<meta property=\"og:site_name\" content=\"St\u00f6ckl im Park\" \/>\n<meta property=\"article:publisher\" content=\"https:\/\/www.facebook.com\/stoecklimpark\" \/>\n<meta property=\"article:modified_time\" content=\"2026-01-24T15:23:09+00:00\" \/>\n<meta property=\"og:image\" content=\"https:\/\/www.stoecklimpark.at\/wp-content\/uploads\/2024\/11\/Classic2_Bild_neu-scaled.jpg\" \/>\n\t<meta property=\"og:image:width\" content=\"1810\" \/>\n\t<meta property=\"og:image:height\" content=\"2560\" \/>\n\t<meta property=\"og:image:type\" content=\"image\/jpeg\" \/>\n<meta name=\"twitter:card\" content=\"summary_large_image\" \/>\n<meta name=\"twitter:label1\" content=\"Est. reading time\" \/>\n\t<meta name=\"twitter:data1\" content=\"1 minute\" \/>\n<script type=\"application\/ld+json\" class=\"yoast-schema-graph\">{\"@context\":\"https:\\\/\\\/schema.org\",\"@graph\":[{\"@type\":\"WebPage\",\"@id\":\"https:\\\/\\\/www.stoecklimpark.at\\\/en\\\/produkt\\\/bierliebhaber\\\/\",\"url\":\"https:\\\/\\\/www.stoecklimpark.at\\\/en\\\/produkt\\\/bierliebhaber\\\/\",\"name\":\"Bierliebhaber - St\u00f6ckl im Park\",\"isPartOf\":{\"@id\":\"https:\\\/\\\/www.stoecklimpark.at\\\/en\\\/#website\"},\"primaryImageOfPage\":{\"@id\":\"https:\\\/\\\/www.stoecklimpark.at\\\/en\\\/produkt\\\/bierliebhaber\\\/#primaryimage\"},\"image\":{\"@id\":\"https:\\\/\\\/www.stoecklimpark.at\\\/en\\\/produkt\\\/bierliebhaber\\\/#primaryimage\"},\"thumbnailUrl\":\"https:\\\/\\\/www.stoecklimpark.at\\\/wp-content\\\/uploads\\\/2024\\\/11\\\/Classic2_Bild_neu-scaled.jpg\",\"datePublished\":\"2024-09-17T10:32:43+00:00\",\"dateModified\":\"2026-01-24T15:23:09+00:00\",\"breadcrumb\":{\"@id\":\"https:\\\/\\\/www.stoecklimpark.at\\\/en\\\/produkt\\\/bierliebhaber\\\/#breadcrumb\"},\"inLanguage\":\"en-GB\",\"potentialAction\":[{\"@type\":\"ReadAction\",\"target\":[\"https:\\\/\\\/www.stoecklimpark.at\\\/en\\\/produkt\\\/bierliebhaber\\\/\"]}]},{\"@type\":\"ImageObject\",\"inLanguage\":\"en-GB\",\"@id\":\"https:\\\/\\\/www.stoecklimpark.at\\\/en\\\/produkt\\\/bierliebhaber\\\/#primaryimage\",\"url\":\"https:\\\/\\\/www.stoecklimpark.at\\\/wp-content\\\/uploads\\\/2024\\\/11\\\/Classic2_Bild_neu-scaled.jpg\",\"contentUrl\":\"https:\\\/\\\/www.stoecklimpark.at\\\/wp-content\\\/uploads\\\/2024\\\/11\\\/Classic2_Bild_neu-scaled.jpg\",\"width\":1810,\"height\":2560},{\"@type\":\"BreadcrumbList\",\"@id\":\"https:\\\/\\\/www.stoecklimpark.at\\\/en\\\/produkt\\\/bierliebhaber\\\/#breadcrumb\",\"itemListElement\":[{\"@type\":\"ListItem\",\"position\":1,\"name\":\"Home\",\"item\":\"https:\\\/\\\/www.stoecklimpark.at\\\/en\\\/\"},{\"@type\":\"ListItem\",\"position\":2,\"name\":\"Vouchers\",\"item\":\"https:\\\/\\\/www.stoecklimpark.at\\\/en\\\/shop\\\/\"},{\"@type\":\"ListItem\",\"position\":3,\"name\":\"Bierliebhaber\"}]},{\"@type\":\"WebSite\",\"@id\":\"https:\\\/\\\/www.stoecklimpark.at\\\/en\\\/#website\",\"url\":\"https:\\\/\\\/www.stoecklimpark.at\\\/en\\\/\",\"name\":\"St\u00f6ckl im Park\",\"description\":\"\",\"publisher\":{\"@id\":\"https:\\\/\\\/www.stoecklimpark.at\\\/en\\\/#organization\"},\"potentialAction\":[{\"@type\":\"SearchAction\",\"target\":{\"@type\":\"EntryPoint\",\"urlTemplate\":\"https:\\\/\\\/www.stoecklimpark.at\\\/en\\\/?s={search_term_string}\"},\"query-input\":{\"@type\":\"PropertyValueSpecification\",\"valueRequired\":true,\"valueName\":\"search_term_string\"}}],\"inLanguage\":\"en-GB\"},{\"@type\":\"Organization\",\"@id\":\"https:\\\/\\\/www.stoecklimpark.at\\\/en\\\/#organization\",\"name\":\"St\u00f6ckl im Park\",\"url\":\"https:\\\/\\\/www.stoecklimpark.at\\\/en\\\/\",\"logo\":{\"@type\":\"ImageObject\",\"inLanguage\":\"en-GB\",\"@id\":\"https:\\\/\\\/www.stoecklimpark.at\\\/en\\\/#\\\/schema\\\/logo\\\/image\\\/\",\"url\":\"https:\\\/\\\/www.stoecklimpark.at\\\/wp-content\\\/uploads\\\/2023\\\/01\\\/SIP-Logo-scaled.jpg\",\"contentUrl\":\"https:\\\/\\\/www.stoecklimpark.at\\\/wp-content\\\/uploads\\\/2023\\\/01\\\/SIP-Logo-scaled.jpg\",\"width\":2560,\"height\":2003,\"caption\":\"St\u00f6ckl im Park\"},\"image\":{\"@id\":\"https:\\\/\\\/www.stoecklimpark.at\\\/en\\\/#\\\/schema\\\/logo\\\/image\\\/\"},\"sameAs\":[\"https:\\\/\\\/www.facebook.com\\\/stoecklimpark\",\"https:\\\/\\\/www.instagram.com\\\/stoecklimpark\\\/\"]}]}<\/script>\n<!-- \/ Yoast SEO plugin. -->","yoast_head_json":{"title":"Bierliebhaber - St\u00f6ckl im Park","robots":{"index":"index","follow":"follow","max-snippet":"max-snippet:-1","max-image-preview":"max-image-preview:large","max-video-preview":"max-video-preview:-1"},"canonical":"https:\/\/www.stoecklimpark.at\/en\/produkt\/bierliebhaber\/","og_locale":"en_GB","og_type":"article","og_title":"Bierliebhaber - St\u00f6ckl im Park","og_description":"Personalisierbarer Print@Home Gutschein Verschenken Sie maximale Flexibilit\u00e4t mit unserem personalisierbaren Print@Home Gutschein. Der Gutschein kann individuell gestaltet und mit einem frei w\u00e4hlbaren Wert ab \u20ac 10 versehen werden. Nach erfolgreichem Zahlungseingang erhalten Sie den Gutschein umgehend per E-Mail als PDF zum Selbstausdrucken. Der Gutschein ist sofort g\u00fcltig und kann direkt eingel\u00f6st werden \u2013 ideal auch [&hellip;]","og_url":"https:\/\/www.stoecklimpark.at\/en\/produkt\/bierliebhaber\/","og_site_name":"St\u00f6ckl im Park","article_publisher":"https:\/\/www.facebook.com\/stoecklimpark","article_modified_time":"2026-01-24T15:23:09+00:00","og_image":[{"width":1810,"height":2560,"url":"https:\/\/www.stoecklimpark.at\/wp-content\/uploads\/2024\/11\/Classic2_Bild_neu-scaled.jpg","type":"image\/jpeg"}],"twitter_card":"summary_large_image","twitter_misc":{"Est. reading time":"1 minute"},"schema":{"@context":"https:\/\/schema.org","@graph":[{"@type":"WebPage","@id":"https:\/\/www.stoecklimpark.at\/en\/produkt\/bierliebhaber\/","url":"https:\/\/www.stoecklimpark.at\/en\/produkt\/bierliebhaber\/","name":"Bierliebhaber - St\u00f6ckl im Park","isPartOf":{"@id":"https:\/\/www.stoecklimpark.at\/en\/#website"},"primaryImageOfPage":{"@id":"https:\/\/www.stoecklimpark.at\/en\/produkt\/bierliebhaber\/#primaryimage"},"image":{"@id":"https:\/\/www.stoecklimpark.at\/en\/produkt\/bierliebhaber\/#primaryimage"},"thumbnailUrl":"https:\/\/www.stoecklimpark.at\/wp-content\/uploads\/2024\/11\/Classic2_Bild_neu-scaled.jpg","datePublished":"2024-09-17T10:32:43+00:00","dateModified":"2026-01-24T15:23:09+00:00","breadcrumb":{"@id":"https:\/\/www.stoecklimpark.at\/en\/produkt\/bierliebhaber\/#breadcrumb"},"inLanguage":"en-GB","potentialAction":[{"@type":"ReadAction","target":["https:\/\/www.stoecklimpark.at\/en\/produkt\/bierliebhaber\/"]}]},{"@type":"ImageObject","inLanguage":"en-GB","@id":"https:\/\/www.stoecklimpark.at\/en\/produkt\/bierliebhaber\/#primaryimage","url":"https:\/\/www.stoecklimpark.at\/wp-content\/uploads\/2024\/11\/Classic2_Bild_neu-scaled.jpg","contentUrl":"https:\/\/www.stoecklimpark.at\/wp-content\/uploads\/2024\/11\/Classic2_Bild_neu-scaled.jpg","width":1810,"height":2560},{"@type":"BreadcrumbList","@id":"https:\/\/www.stoecklimpark.at\/en\/produkt\/bierliebhaber\/#breadcrumb","itemListElement":[{"@type":"ListItem","position":1,"name":"Home","item":"https:\/\/www.stoecklimpark.at\/en\/"},{"@type":"ListItem","position":2,"name":"Vouchers","item":"https:\/\/www.stoecklimpark.at\/en\/shop\/"},{"@type":"ListItem","position":3,"name":"Bierliebhaber"}]},{"@type":"WebSite","@id":"https:\/\/www.stoecklimpark.at\/en\/#website","url":"https:\/\/www.stoecklimpark.at\/en\/","name":"St\u00f6ckl im Park","description":"","publisher":{"@id":"https:\/\/www.stoecklimpark.at\/en\/#organization"},"potentialAction":[{"@type":"SearchAction","target":{"@type":"EntryPoint","urlTemplate":"https:\/\/www.stoecklimpark.at\/en\/?s={search_term_string}"},"query-input":{"@type":"PropertyValueSpecification","valueRequired":true,"valueName":"search_term_string"}}],"inLanguage":"en-GB"},{"@type":"Organization","@id":"https:\/\/www.stoecklimpark.at\/en\/#organization","name":"St\u00f6ckl im Park","url":"https:\/\/www.stoecklimpark.at\/en\/","logo":{"@type":"ImageObject","inLanguage":"en-GB","@id":"https:\/\/www.stoecklimpark.at\/en\/#\/schema\/logo\/image\/","url":"https:\/\/www.stoecklimpark.at\/wp-content\/uploads\/2023\/01\/SIP-Logo-scaled.jpg","contentUrl":"https:\/\/www.stoecklimpark.at\/wp-content\/uploads\/2023\/01\/SIP-Logo-scaled.jpg","width":2560,"height":2003,"caption":"St\u00f6ckl im Park"},"image":{"@id":"https:\/\/www.stoecklimpark.at\/en\/#\/schema\/logo\/image\/"},"sameAs":["https:\/\/www.facebook.com\/stoecklimpark","https:\/\/www.instagram.com\/stoecklimpark\/"]}]}},"_links":{"self":[{"href":"https:\/\/www.stoecklimpark.at\/en\/wp-json\/wp\/v2\/product\/4582","targetHints":{"allow":["GET"]}}],"collection":[{"href":"https:\/\/www.stoecklimpark.at\/en\/wp-json\/wp\/v2\/product"}],"about":[{"href":"https:\/\/www.stoecklimpark.at\/en\/wp-json\/wp\/v2\/types\/product"}],"wp:featuredmedia":[{"embeddable":true,"href":"https:\/\/www.stoecklimpark.at\/en\/wp-json\/wp\/v2\/media\/5479"}],"wp:attachment":[{"href":"https:\/\/www.stoecklimpark.at\/en\/wp-json\/wp\/v2\/media?parent=4582"}],"wp:term":[{"taxonomy":"product_brand","embeddable":true,"href":"https:\/\/www.stoecklimpark.at\/en\/wp-json\/wp\/v2\/product_brand?post=4582"},{"taxonomy":"product_cat","embeddable":true,"href":"https:\/\/www.stoecklimpark.at\/en\/wp-json\/wp\/v2\/product_cat?post=4582"},{"taxonomy":"product_tag","embeddable":true,"href":"https:\/\/www.stoecklimpark.at\/en\/wp-json\/wp\/v2\/product_tag?post=4582"}],"curies":[{"name":"wp","href":"https:\/\/api.w.org\/{rel}","templated":true}]}}